{"id":1006,"date":"2021-04-07T19:04:37","date_gmt":"2021-04-07T19:04:37","guid":{"rendered":"https:\/\/beatrix.pl\/?page_id=1006"},"modified":"2021-04-11T21:19:04","modified_gmt":"2021-04-11T21:19:04","slug":"etykiety","status":"publish","type":"page","link":"https:\/\/beatrix.pl\/?page_id=1006","title":{"rendered":"etykiety"},"content":{"rendered":"\t\t<div data-elementor-type=\"wp-page\" data-elementor-id=\"1006\" class=\"elementor elementor-1006\">\n\t\t\t\t\t\t<section class=\"elementor-section elementor-top-section elementor-element elementor-element-f1794a8 elementor-section-boxed elementor-section-height-default elementor-section-height-default\" data-id=\"f1794a8\" data-element_type=\"section\" data-settings=\"{&quot;background_background&quot;:&quot;classic&quot;}\">\n\t\t\t\t\t\t\t<div class=\"elementor-background-overlay\"><\/div>\n\t\t\t\t\t\t\t<div class=\"elementor-container elementor-column-gap-default\">\n\t\t\t\t\t<div class=\"elementor-column elementor-col-100 elementor-top-column elementor-element elementor-element-3f6da6d\" data-id=\"3f6da6d\" data-element_type=\"column\">\n\t\t\t<div class=\"elementor-widget-wrap elementor-element-populated\">\n\t\t\t\t\t\t<div class=\"elementor-element elementor-element-a7b334d elementor-widget elementor-widget-heading\" data-id=\"a7b334d\" data-element_type=\"widget\" data-widget_type=\"heading.default\">\n\t\t\t\t<div class=\"elementor-widget-container\">\n\t\t\t\t\t<h1 class=\"elementor-heading-title elementor-size-default\">Etykiety<\/h1>\t\t\t\t<\/div>\n\t\t\t\t<\/div>\n\t\t\t\t\t<\/div>\n\t\t<\/div>\n\t\t\t\t\t<\/div>\n\t\t<\/section>\n\t\t\t\t<section class=\"elementor-section elementor-top-section elementor-element elementor-element-a03dc09 elementor-section-boxed elementor-section-height-default elementor-section-height-default\" data-id=\"a03dc09\" data-element_type=\"section\">\n\t\t\t\t\t\t<div class=\"elementor-container elementor-column-gap-default\">\n\t\t\t\t\t<div class=\"elementor-column elementor-col-100 elementor-top-column elementor-element elementor-element-b2e5992\" data-id=\"b2e5992\" data-element_type=\"column\">\n\t\t\t<div class=\"elementor-widget-wrap elementor-element-populated\">\n\t\t\t\t\t\t<section class=\"elementor-section elementor-inner-section elementor-element elementor-element-f58c6cd elementor-section-boxed elementor-section-height-default elementor-section-height-default\" data-id=\"f58c6cd\" data-element_type=\"section\">\n\t\t\t\t\t\t<div class=\"elementor-container elementor-column-gap-default\">\n\t\t\t\t\t<div class=\"elementor-column elementor-col-33 elementor-inner-column elementor-element elementor-element-d42fac1\" data-id=\"d42fac1\" data-element_type=\"column\">\n\t\t\t<div class=\"elementor-widget-wrap elementor-element-populated\">\n\t\t\t\t\t\t<div class=\"elementor-element elementor-element-857b794 elementor-widget elementor-widget-image-box\" data-id=\"857b794\" data-element_type=\"widget\" data-widget_type=\"image-box.default\">\n\t\t\t\t<div class=\"elementor-widget-container\">\n\t\t\t\t\t<div class=\"elementor-image-box-wrapper\"><div class=\"elementor-image-box-content\"><h5 class=\"elementor-image-box-title\">Etykiety Papierowe-termiczne<\/h5><p class=\"elementor-image-box-description\">Podsiadamy w ofercie etykiety:<br>Wykonane z termoczu\u0142ego papieru, nadruk na etykiecie tworzony jest poprzez bezpo\u015bredni przep\u0142yw ciep\u0142a (energii termicznej) z g\u0142owicy drukarki do element\u00f3w termoczu\u0142ych zawartych w warstwie powlekaj\u0105cej papier. Do nadruku zatem nie s\u0105 wykorzystywane \u017cadne dodatkowe media, co przek\u0142ada si\u0119 na nisk\u0105 cen\u0119 wydruku.<br><\/p><\/div><\/div>\t\t\t\t<\/div>\n\t\t\t\t<\/div>\n\t\t\t\t\t<\/div>\n\t\t<\/div>\n\t\t\t\t<div class=\"elementor-column elementor-col-33 elementor-inner-column elementor-element elementor-element-8623dba\" data-id=\"8623dba\" data-element_type=\"column\">\n\t\t\t<div class=\"elementor-widget-wrap elementor-element-populated\">\n\t\t\t\t\t\t<div class=\"elementor-element elementor-element-d2eccda elementor-widget elementor-widget-image-box\" data-id=\"d2eccda\" data-element_type=\"widget\" data-widget_type=\"image-box.default\">\n\t\t\t\t<div class=\"elementor-widget-container\">\n\t\t\t\t\t<div class=\"elementor-image-box-wrapper\"><div class=\"elementor-image-box-content\"><h5 class=\"elementor-image-box-title\">Etytkiety termotransferowe<\/h5><p class=\"elementor-image-box-description\">Podobnie jak etykietytermiczne s\u0105 jednymi z najszerzej wykorzystywanymi etykietami papierowymi z tym, \u017ce do ich zadruku u\u017cywa si\u0119 ta\u015bmy termotransferowej, dzi\u0119ki czemu ich jako\u015b\u0107 jest wy\u017csza ni\u017c etykiet termicznych.<br><br>\n\n<\/p><\/div><\/div>\t\t\t\t<\/div>\n\t\t\t\t<\/div>\n\t\t\t\t<div class=\"elementor-element elementor-element-e6dd8cc elementor-widget elementor-widget-image\" data-id=\"e6dd8cc\" data-element_type=\"widget\" data-widget_type=\"image.default\">\n\t\t\t\t<div class=\"elementor-widget-container\">\n\t\t\t\t\t\t\t\t\t\t\t\t\t\t\t<img fetchpriority=\"high\" decoding=\"async\" width=\"300\" height=\"300\" src=\"https:\/\/beatrix.pl\/wp-content\/uploads\/2021\/04\/etykiety_podglad-300x300.jpg\" class=\"attachment-medium size-medium wp-image-1035\" alt=\"\" srcset=\"https:\/\/beatrix.pl\/wp-content\/uploads\/2021\/04\/etykiety_podglad-300x300.jpg 300w, https:\/\/beatrix.pl\/wp-content\/uploads\/2021\/04\/etykiety_podglad-150x150.jpg 150w, https:\/\/beatrix.pl\/wp-content\/uploads\/2021\/04\/etykiety_podglad.jpg 400w\" sizes=\"(max-width: 300px) 100vw, 300px\" \/>\t\t\t\t\t\t\t\t\t\t\t\t\t\t\t<\/div>\n\t\t\t\t<\/div>\n\t\t\t\t\t<\/div>\n\t\t<\/div>\n\t\t\t\t<div class=\"elementor-column elementor-col-33 elementor-inner-column elementor-element elementor-element-2f9ffaf\" data-id=\"2f9ffaf\" data-element_type=\"column\">\n\t\t\t<div class=\"elementor-widget-wrap elementor-element-populated\">\n\t\t\t\t\t\t<div class=\"elementor-element elementor-element-7ccea68 elementor-widget elementor-widget-image-box\" data-id=\"7ccea68\" data-element_type=\"widget\" data-widget_type=\"image-box.default\">\n\t\t\t\t<div class=\"elementor-widget-container\">\n\t\t\t\t\t<div class=\"elementor-image-box-wrapper\"><div class=\"elementor-image-box-content\"><h5 class=\"elementor-image-box-title\">Etykiety<\/h5><p class=\"elementor-image-box-description\">Podsiadamy w ofercie etykiety:<br>- papier termiczny eco<br>- papier termiczny top<br>- folia termiczna top<br>- papier p\u00f3\u0142b\u0142yszcz\u0105cy\/matowy<br>- folia bia\u0142a PP\/PE\/PET w po\u0142ysku lub macie<br>- satyna samoprzylepna<br>- papier bez kleju (przywieszki) termiczny\/ termo-transferowy<br><p style=\"margin-bottom: 0px; color: rgb(34, 34, 34); font-family: Arial, Helvetica, sans-serif; font-size: small; font-style: normal; font-weight: 400; text-align: start; white-space: normal; background-color: rgb(255, 255, 255);\"><span style=\"font-size: 11pt;\"><br><\/span><\/p><span style=\"font-size: 11pt; background-color: rgb(255, 255, 255); color: rgb(34, 34, 34); font-family: Arial, Helvetica, sans-serif; text-align: start; white-space: normal;\">&nbsp;<\/span><br><br><\/p><\/div><\/div>\t\t\t\t<\/div>\n\t\t\t\t<\/div>\n\t\t\t\t\t<\/div>\n\t\t<\/div>\n\t\t\t\t\t<\/div>\n\t\t<\/section>\n\t\t\t\t\t<\/div>\n\t\t<\/div>\n\t\t\t\t\t<\/div>\n\t\t<\/section>\n\t\t\t\t<section class=\"elementor-section elementor-top-section elementor-element elementor-element-fa3abe2 elementor-section-boxed elementor-section-height-default elementor-section-height-default\" data-id=\"fa3abe2\" data-element_type=\"section\">\n\t\t\t\t\t\t<div class=\"elementor-container elementor-column-gap-default\">\n\t\t\t\t\t<div class=\"elementor-column elementor-col-100 elementor-top-column elementor-element elementor-element-872a632\" data-id=\"872a632\" data-element_type=\"column\">\n\t\t\t<div class=\"elementor-widget-wrap elementor-element-populated\">\n\t\t\t\t\t\t<section class=\"elementor-section elementor-inner-section elementor-element elementor-element-e3416b3 elementor-section-boxed elementor-section-height-default elementor-section-height-default\" data-id=\"e3416b3\" data-element_type=\"section\">\n\t\t\t\t\t\t<div class=\"elementor-container elementor-column-gap-default\">\n\t\t\t\t\t<div class=\"elementor-column elementor-col-33 elementor-inner-column elementor-element elementor-element-972ce11\" data-id=\"972ce11\" data-element_type=\"column\">\n\t\t\t<div class=\"elementor-widget-wrap\">\n\t\t\t\t\t\t\t<\/div>\n\t\t<\/div>\n\t\t\t\t<div class=\"elementor-column elementor-col-33 elementor-inner-column elementor-element elementor-element-601cf7d\" data-id=\"601cf7d\" data-element_type=\"column\">\n\t\t\t<div class=\"elementor-widget-wrap elementor-element-populated\">\n\t\t\t\t\t\t<div class=\"elementor-element elementor-element-d0a65b5 elementor-widget elementor-widget-image-box\" data-id=\"d0a65b5\" data-element_type=\"widget\" data-widget_type=\"image-box.default\">\n\t\t\t\t<div class=\"elementor-widget-container\">\n\t\t\t\t\t<div class=\"elementor-image-box-wrapper\"><div class=\"elementor-image-box-content\"><h5 class=\"elementor-image-box-title\">Etytkiety\/rodzaj kleju<\/h5><p class=\"elementor-image-box-description\">- standardowy<br>- do mro\u017cenia (akryl lub kauczuk)<br>- \u0142atwo usuwalny (tzw. odlepny)<br>- specjalne wymagania<br><br><\/p><\/div><\/div>\t\t\t\t<\/div>\n\t\t\t\t<\/div>\n\t\t\t\t\t<\/div>\n\t\t<\/div>\n\t\t\t\t<div class=\"elementor-column elementor-col-33 elementor-inner-column elementor-element elementor-element-5fa987d\" data-id=\"5fa987d\" data-element_type=\"column\">\n\t\t\t<div class=\"elementor-widget-wrap elementor-element-populated\">\n\t\t\t\t\t\t<div class=\"elementor-element elementor-element-2f34df4 elementor-widget elementor-widget-image-box\" data-id=\"2f34df4\" data-element_type=\"widget\" data-widget_type=\"image-box.default\">\n\t\t\t\t<div class=\"elementor-widget-container\">\n\t\t\t\t\t<div class=\"elementor-image-box-wrapper\"><div class=\"elementor-image-box-content\"><h5 class=\"elementor-image-box-title\">Model drukarki\/etykiet<\/h5><p class=\"elementor-image-box-description\">\u015arednica wewn\u0119trzna tulei:<br>20 \/ 30 \/ 38\/48 mm<br><\/p><\/div><\/div>\t\t\t\t<\/div>\n\t\t\t\t<\/div>\n\t\t\t\t\t<\/div>\n\t\t<\/div>\n\t\t\t\t\t<\/div>\n\t\t<\/section>\n\t\t\t\t\t<\/div>\n\t\t<\/div>\n\t\t\t\t\t<\/div>\n\t\t<\/section>\n\t\t\t\t<section class=\"elementor-section elementor-top-section elementor-element elementor-element-af4182b elementor-section-boxed elementor-section-height-default elementor-section-height-default\" data-id=\"af4182b\" data-element_type=\"section\">\n\t\t\t\t\t\t<div class=\"elementor-container elementor-column-gap-default\">\n\t\t\t\t\t<div class=\"elementor-column elementor-col-100 elementor-top-column elementor-element elementor-element-468c34c\" data-id=\"468c34c\" data-element_type=\"column\">\n\t\t\t<div class=\"elementor-widget-wrap elementor-element-populated\">\n\t\t\t\t\t\t<section class=\"elementor-section elementor-inner-section elementor-element elementor-element-42aebe8 elementor-section-boxed elementor-section-height-default elementor-section-height-default\" data-id=\"42aebe8\" data-element_type=\"section\">\n\t\t\t\t\t\t<div class=\"elementor-container elementor-column-gap-default\">\n\t\t\t\t\t<div class=\"elementor-column elementor-col-50 elementor-inner-column elementor-element elementor-element-f766392\" data-id=\"f766392\" data-element_type=\"column\">\n\t\t\t<div class=\"elementor-widget-wrap\">\n\t\t\t\t\t\t\t<\/div>\n\t\t<\/div>\n\t\t\t\t<div class=\"elementor-column elementor-col-50 elementor-inner-column elementor-element elementor-element-8c7bba7\" data-id=\"8c7bba7\" data-element_type=\"column\">\n\t\t\t<div class=\"elementor-widget-wrap\">\n\t\t\t\t\t\t\t<\/div>\n\t\t<\/div>\n\t\t\t\t\t<\/div>\n\t\t<\/section>\n\t\t\t\t<section class=\"elementor-section elementor-inner-section elementor-element elementor-element-5f132b2 elementor-section-boxed elementor-section-height-default elementor-section-height-default\" data-id=\"5f132b2\" data-element_type=\"section\">\n\t\t\t\t\t\t<div class=\"elementor-container elementor-column-gap-default\">\n\t\t\t\t\t<div class=\"elementor-column elementor-col-33 elementor-inner-column elementor-element elementor-element-8e61252\" data-id=\"8e61252\" data-element_type=\"column\">\n\t\t\t<div class=\"elementor-widget-wrap elementor-element-populated\">\n\t\t\t\t\t\t<div class=\"elementor-element elementor-element-1ac86e7 elementor-widget elementor-widget-image-box\" data-id=\"1ac86e7\" data-element_type=\"widget\" data-widget_type=\"image-box.default\">\n\t\t\t\t<div class=\"elementor-widget-container\">\n\t\t\t\t\t<div class=\"elementor-image-box-wrapper\"><div class=\"elementor-image-box-content\"><h5 class=\"elementor-image-box-title\">Etykiety rozmiary\/<br>\u015brednica tulei 20 mm<\/h5><p class=\"elementor-image-box-description\">Szeroko\u015b\u0107 10 mm \/ Wysoko\u015b\u0107 30 mm<br>\nSzeroko\u015b\u0107 11 mm\/ Wysoko\u015b\u0107 11 mm<br>\nSzeroko\u015b\u0107 20mm\/ Wysoko\u015b\u0107 10 mm<\/p><\/div><\/div>\t\t\t\t<\/div>\n\t\t\t\t<\/div>\n\t\t\t\t\t<\/div>\n\t\t<\/div>\n\t\t\t\t<div class=\"elementor-column elementor-col-33 elementor-inner-column elementor-element elementor-element-b3cf21e\" data-id=\"b3cf21e\" data-element_type=\"column\">\n\t\t\t<div class=\"elementor-widget-wrap elementor-element-populated\">\n\t\t\t\t\t\t<div class=\"elementor-element elementor-element-8974686 elementor-widget elementor-widget-image-box\" data-id=\"8974686\" data-element_type=\"widget\" data-widget_type=\"image-box.default\">\n\t\t\t\t<div class=\"elementor-widget-container\">\n\t\t\t\t\t<div class=\"elementor-image-box-wrapper\"><div class=\"elementor-image-box-content\"><h5 class=\"elementor-image-box-title\">Etykiety rozmiary\/<br>\u015brednica tulei 30 mm<\/h5><p class=\"elementor-image-box-description\">Szeroko\u015b\u0107 24mm \/ Wysoko\u015b\u0107 35 mm <br>   \nSzeroko\u015b\u0107 24mm \/ Wysoko\u015b\u0107 40 mm<br>\nSzeroko\u015b\u0107 25mm \/ Wysoko\u015b\u0107 50 mm<br>\nSzeroko\u015b\u0107 25 mm \/ Wysoko\u015b\u0107 69,7 mm<br>\nSzeroko\u015b\u0107 25 mm\/ Wysoko\u015b\u0107 91 mm<br>\nSzeroko\u015b\u0107 28 mm \/ Wysoko\u015b\u0107 23 mm<br>\nSzeroko\u015b\u0107 30 mm \/ Wysoko\u015b\u0107 15 mm<br><\/p><\/div><\/div>\t\t\t\t<\/div>\n\t\t\t\t<\/div>\n\t\t\t\t\t<\/div>\n\t\t<\/div>\n\t\t\t\t<div class=\"elementor-column elementor-col-33 elementor-inner-column elementor-element elementor-element-860ab8d\" data-id=\"860ab8d\" data-element_type=\"column\">\n\t\t\t<div class=\"elementor-widget-wrap elementor-element-populated\">\n\t\t\t\t\t\t<div class=\"elementor-element elementor-element-8228378 elementor-widget elementor-widget-image-box\" data-id=\"8228378\" data-element_type=\"widget\" data-widget_type=\"image-box.default\">\n\t\t\t\t<div class=\"elementor-widget-container\">\n\t\t\t\t\t<div class=\"elementor-image-box-wrapper\"><div class=\"elementor-image-box-content\"><h5 class=\"elementor-image-box-title\">Etykiety rozmiary\/<br>\u015brednica tulei 38 mm<\/h5><p class=\"elementor-image-box-description\">Szeroko\u015b\u0107 30 mm \/ Wysoko\u015b\u0107 20 mm <br>Szeroko\u015b\u0107 30 mm\/ Wysoko\u015b\u0107  50 mm<\/p><\/div><\/div>\t\t\t\t<\/div>\n\t\t\t\t<\/div>\n\t\t\t\t\t<\/div>\n\t\t<\/div>\n\t\t\t\t\t<\/div>\n\t\t<\/section>\n\t\t\t\t\t<\/div>\n\t\t<\/div>\n\t\t\t\t\t<\/div>\n\t\t<\/section>\n\t\t\t\t<\/div>\n\t\t","protected":false},"excerpt":{"rendered":"<p>Etykiety Etykiety Papierowe-termiczne Podsiadamy w ofercie etykiety:Wykonane z termoczu\u0142ego papieru, nadruk na etykiecie tworzony jest poprzez bezpo\u015bredni przep\u0142yw ciep\u0142a (energii termicznej) z g\u0142owicy drukarki do element\u00f3w termoczu\u0142ych zawartych w warstwie powlekaj\u0105cej papier. Do nadruku zatem nie s\u0105 wykorzystywane \u017cadne dodatkowe media, co przek\u0142ada si\u0119 na nisk\u0105 cen\u0119 wydruku. Etytkiety termotransferowe Podobnie jak etykietytermiczne s\u0105 jednymi [&hellip;]<\/p>\n","protected":false},"author":1,"featured_media":0,"parent":0,"menu_order":0,"comment_status":"closed","ping_status":"closed","template":"","meta":{"_bbp_topic_count":0,"_bbp_reply_count":0,"_bbp_total_topic_count":0,"_bbp_total_reply_count":0,"_bbp_voice_count":0,"_bbp_anonymous_reply_count":0,"_bbp_topic_count_hidden":0,"_bbp_reply_count_hidden":0,"_bbp_forum_subforum_count":0,"_crdt_document":"","site-sidebar-layout":"no-sidebar","site-content-layout":"page-builder","ast-site-content-layout":"","site-content-style":"default","site-sidebar-style":"default","ast-global-header-display":"","ast-banner-title-visibility":"","ast-main-header-display":"","ast-hfb-above-header-display":"","ast-hfb-below-header-display":"","ast-hfb-mobile-header-display":"","site-post-title":"disabled","ast-breadcrumbs-content":"","ast-featured-img":"disabled","footer-sml-layout":"","theme-transparent-header-meta":"","adv-header-id-meta":"","stick-header-meta":"","header-above-stick-meta":"","header-main-stick-meta":"","header-below-stick-meta":"","astra-migrate-meta-layouts":"default","ast-page-background-enabled":"default","ast-page-background-meta":{"desktop":{"background-color":"var(--ast-global-color-4)","background-image":"","background-repeat":"repeat","background-position":"center center","background-size":"auto","background-attachment":"scroll","background-type":"","background-media":"","overlay-type":"","overlay-color":"","overlay-opacity":"","overlay-gradient":""},"tablet":{"background-color":"","background-image":"","background-repeat":"repeat","background-position":"center center","background-size":"auto","background-attachment":"scroll","background-type":"","background-media":"","overlay-type":"","overlay-color":"","overlay-opacity":"","overlay-gradient":""},"mobile":{"background-color":"","background-image":"","background-repeat":"repeat","background-position":"center center","background-size":"auto","background-attachment":"scroll","background-type":"","background-media":"","overlay-type":"","overlay-color":"","overlay-opacity":"","overlay-gradient":""}},"ast-content-background-meta":{"desktop":{"background-color":"var(--ast-global-color-5)","background-image":"","background-repeat":"repeat","background-position":"center center","background-size":"auto","background-attachment":"scroll","background-type":"","background-media":"","overlay-type":"","overlay-color":"","overlay-opacity":"","overlay-gradient":""},"tablet":{"background-color":"var(--ast-global-color-5)","background-image":"","background-repeat":"repeat","background-position":"center center","background-size":"auto","background-attachment":"scroll","background-type":"","background-media":"","overlay-type":"","overlay-color":"","overlay-opacity":"","overlay-gradient":""},"mobile":{"background-color":"var(--ast-global-color-5)","background-image":"","background-repeat":"repeat","background-position":"center center","background-size":"auto","background-attachment":"scroll","background-type":"","background-media":"","overlay-type":"","overlay-color":"","overlay-opacity":"","overlay-gradient":""}},"footnotes":""},"class_list":["post-1006","page","type-page","status-publish","hentry"],"featured_image_src":null,"featured_image_src_square":null,"jetpack_sharing_enabled":true,"_links":{"self":[{"href":"https:\/\/beatrix.pl\/index.php?rest_route=\/wp\/v2\/pages\/1006","targetHints":{"allow":["GET"]}}],"collection":[{"href":"https:\/\/beatrix.pl\/index.php?rest_route=\/wp\/v2\/pages"}],"about":[{"href":"https:\/\/beatrix.pl\/index.php?rest_route=\/wp\/v2\/types\/page"}],"author":[{"embeddable":true,"href":"https:\/\/beatrix.pl\/index.php?rest_route=\/wp\/v2\/users\/1"}],"replies":[{"embeddable":true,"href":"https:\/\/beatrix.pl\/index.php?rest_route=%2Fwp%2Fv2%2Fcomments&post=1006"}],"version-history":[{"count":98,"href":"https:\/\/beatrix.pl\/index.php?rest_route=\/wp\/v2\/pages\/1006\/revisions"}],"predecessor-version":[{"id":1140,"href":"https:\/\/beatrix.pl\/index.php?rest_route=\/wp\/v2\/pages\/1006\/revisions\/1140"}],"wp:attachment":[{"href":"https:\/\/beatrix.pl\/index.php?rest_route=%2Fwp%2Fv2%2Fmedia&parent=1006"}],"curies":[{"name":"wp","href":"https:\/\/api.w.org\/{rel}","templated":true}]}}